{"id":134,"date":"2022-01-24T06:51:02","date_gmt":"2022-01-24T06:51:02","guid":{"rendered":"https:\/\/mehdemohamad.com\/index.php\/mahdi-muhammad\/"},"modified":"2023-12-28T06:17:56","modified_gmt":"2023-12-28T06:17:56","slug":"mahdi-muhammad","status":"publish","type":"page","link":"https:\/\/mehdemohamad.com\/en\/mahdi-muhammad\/","title":{"rendered":"Mehde Mohamad"},"content":{"rendered":"\n<div class=\"wp-block-columns are-vertically-aligned-center is-layout-flex wp-container-core-columns-is-layout-9d6595d7 wp-block-columns-is-layout-flex\">\n<div class=\"wp-block-column is-vertically-aligned-center is-layout-flow wp-block-column-is-layout-flow\" style=\"flex-basis:30%\">\n<figure class=\"wp-block-image size-large is-style-rounded\"><img loading=\"lazy\" decoding=\"async\" width=\"1024\" height=\"1024\" src=\"https:\/\/mehdemohamad.com\/wp-content\/uploads\/2023\/12\/mm-profile.001-1024x1024.jpeg\" alt=\"\" class=\"wp-image-560\" srcset=\"https:\/\/mehdemohamad.com\/wp-content\/uploads\/2023\/12\/mm-profile.001-1024x1024.jpeg 1024w, https:\/\/mehdemohamad.com\/wp-content\/uploads\/2023\/12\/mm-profile.001-400x400.jpeg 400w, https:\/\/mehdemohamad.com\/wp-content\/uploads\/2023\/12\/mm-profile.001-600x600.jpeg 600w, https:\/\/mehdemohamad.com\/wp-content\/uploads\/2023\/12\/mm-profile.001-300x300.jpeg 300w, https:\/\/mehdemohamad.com\/wp-content\/uploads\/2023\/12\/mm-profile.001-150x150.jpeg 150w, https:\/\/mehdemohamad.com\/wp-content\/uploads\/2023\/12\/mm-profile.001-768x768.jpeg 768w, https:\/\/mehdemohamad.com\/wp-content\/uploads\/2023\/12\/mm-profile.001-1536x1536.jpeg 1536w, https:\/\/mehdemohamad.com\/wp-content\/uploads\/2023\/12\/mm-profile.001.jpeg 1920w\" sizes=\"auto, (max-width: 1024px) 100vw, 1024px\" \/><\/figure>\n<\/div>\n\n\n\n<div class=\"wp-block-column is-vertically-aligned-center is-layout-flow wp-block-column-is-layout-flow\" style=\"flex-basis:70%\">\n<p>Hello all,<\/p>\n\n\n\n<p>My name is Mahdi Mohamed, and I am a professional web developer and online marketing trainer. I am based in Istanbul, leading a team that provides comprehensive web and online marketing services and solutions for various companies and commercial activities.<\/p>\n\n\n\n<p>If you are looking for a reliable partner to help you achieve your web and online marketing goals, please do not hesitate to contact me. I would happily discuss your needs and provide a customized solution that meets your requirements.<\/p>\n\n\n\n<div class=\"wp-block-buttons is-layout-flex wp-block-buttons-is-layout-flex\">\n<div class=\"wp-block-button has-custom-font-size is-style-outline has-medium-font-size is-style-outline--1\"><a class=\"wp-block-button__link has-luminous-vivid-amber-background-color has-background wp-element-button\" href=\"https:\/\/mehdemohamad.com\/appointment-with-mahde\/\">Get an appointment<\/a><\/div>\n\n\n\n<div class=\"wp-block-button has-custom-font-size is-style-outline has-medium-font-size is-style-outline--2\"><a class=\"wp-block-button__link wp-element-button\" href=\"https:\/\/mehdemohamad.com\/about-mehde-mohamad\/\">Read more<\/a><\/div>\n<\/div>\n<\/div>\n<\/div>\n\n\n\n<hr class=\"wp-block-separator has-alpha-channel-opacity\"\/>\n\n\n\n<div class=\"wp-block-columns is-layout-flex wp-container-core-columns-is-layout-9d6595d7 wp-block-columns-is-layout-flex\">\n<div class=\"wp-block-column is-layout-flow wp-block-column-is-layout-flow\" style=\"flex-basis:66.66%\">\n<h3 class=\"wp-block-heading\">Atira Grup 2022<\/h3>\n\n\n\n<p>In the year 2022, I established the Atira Group, a Turkish company that is duly licensed under the <strong><em>AT\u0130RA GRUP B\u0130L\u0130\u015e\u0130M VE TEKNOLOJ\u0130 L\u0130M\u0130TED \u015e\u0130RKET\u0130<\/em><\/strong> name.<\/p>\n\n\n\n<p>The Atira Group was formed from the expansion of the various services that I provide in collaboration with my team, including development, design, marketing, content writing, and training. Additionally, the Atira Group offers other services through partnerships in real estate and medical tourism.<\/p>\n\n\n\n<div class=\"wp-block-buttons is-layout-flex wp-block-buttons-is-layout-flex\">\n<div class=\"wp-block-button has-custom-font-size is-style-outline has-medium-font-size is-style-outline--3\"><a class=\"wp-block-button__link has-luminous-vivid-amber-background-color has-background wp-element-button\" href=\"https:\/\/atiragrup.com\/\" target=\"_blank\" rel=\"noreferrer noopener\">Visit Atira Grup<\/a><\/div>\n<\/div>\n<\/div>\n\n\n\n<div class=\"wp-block-column is-layout-flow wp-block-column-is-layout-flow\" style=\"flex-basis:33.33%\">\n<figure class=\"wp-block-image size-large is-style-rounded\"><img loading=\"lazy\" decoding=\"async\" width=\"1024\" height=\"1024\" src=\"https:\/\/mehdemohamad.com\/wp-content\/uploads\/2023\/12\/atira-group-1024x1024.png\" alt=\"\" class=\"wp-image-602\" srcset=\"https:\/\/mehdemohamad.com\/wp-content\/uploads\/2023\/12\/atira-group-1024x1024.png 1024w, https:\/\/mehdemohamad.com\/wp-content\/uploads\/2023\/12\/atira-group-400x400.png 400w, https:\/\/mehdemohamad.com\/wp-content\/uploads\/2023\/12\/atira-group-600x600.png 600w, https:\/\/mehdemohamad.com\/wp-content\/uploads\/2023\/12\/atira-group-300x300.png 300w, https:\/\/mehdemohamad.com\/wp-content\/uploads\/2023\/12\/atira-group-150x150.png 150w, https:\/\/mehdemohamad.com\/wp-content\/uploads\/2023\/12\/atira-group-768x768.png 768w, https:\/\/mehdemohamad.com\/wp-content\/uploads\/2023\/12\/atira-group.png 1080w\" sizes=\"auto, (max-width: 1024px) 100vw, 1024px\" \/><\/figure>\n<\/div>\n<\/div>\n\n\n\n<hr class=\"wp-block-separator has-alpha-channel-opacity\"\/>\n\n\n\n<div class=\"wp-block-columns is-layout-flex wp-container-core-columns-is-layout-9d6595d7 wp-block-columns-is-layout-flex\">\n<div class=\"wp-block-column is-layout-flow wp-block-column-is-layout-flow\" style=\"flex-basis:33.33%\">\n<figure class=\"wp-block-image size-large\"><img loading=\"lazy\" decoding=\"async\" width=\"1024\" height=\"1024\" src=\"https:\/\/mehdemohamad.com\/wp-content\/uploads\/2023\/12\/top-center-academy-1024x1024.png\" alt=\"\" class=\"wp-image-605\" srcset=\"https:\/\/mehdemohamad.com\/wp-content\/uploads\/2023\/12\/top-center-academy-1024x1024.png 1024w, https:\/\/mehdemohamad.com\/wp-content\/uploads\/2023\/12\/top-center-academy-400x400.png 400w, https:\/\/mehdemohamad.com\/wp-content\/uploads\/2023\/12\/top-center-academy-600x600.png 600w, https:\/\/mehdemohamad.com\/wp-content\/uploads\/2023\/12\/top-center-academy-300x300.png 300w, https:\/\/mehdemohamad.com\/wp-content\/uploads\/2023\/12\/top-center-academy-150x150.png 150w, https:\/\/mehdemohamad.com\/wp-content\/uploads\/2023\/12\/top-center-academy-768x768.png 768w, https:\/\/mehdemohamad.com\/wp-content\/uploads\/2023\/12\/top-center-academy.png 1080w\" sizes=\"auto, (max-width: 1024px) 100vw, 1024px\" \/><\/figure>\n<\/div>\n\n\n\n<div class=\"wp-block-column is-layout-flow wp-block-column-is-layout-flow\" style=\"flex-basis:66.66%\">\n<h3 class=\"wp-block-heading\">Top Center Academy 2018<\/h3>\n\n\n\n<p>Top Center Academy, located in Istanbul, is widely recognized as one of the premier training centers in the region.<\/p>\n\n\n\n<p>Its commitment to delivering exceptional experiences to trainees in the professional and technical fields has earned it a reputation as a leader in its industry.<\/p>\n\n\n\n<p>Since 2018, I have had the privilege of collaborating with Top Center Academy to offer my esteemed students exclusive web programming and e-marketing courses.<\/p>\n\n\n\n<p>Through this partnership, we have provided unparalleled education and support to our students, preparing them for success in their chosen fields.<\/p>\n\n\n\n<div class=\"wp-block-buttons is-layout-flex wp-block-buttons-is-layout-flex\">\n<div class=\"wp-block-button has-custom-font-size is-style-outline has-medium-font-size is-style-outline--4\"><a class=\"wp-block-button__link has-luminous-vivid-amber-background-color has-background wp-element-button\" href=\"https:\/\/topcenteracademy.com\/courses\/training-programs\/technical-training-courses\/\" target=\"_blank\" rel=\"noreferrer noopener\">Visit Top Center Academy<\/a><\/div>\n<\/div>\n<\/div>\n<\/div>\n\n\n\n<hr class=\"wp-block-separator has-alpha-channel-opacity\"\/>\n\n\n\n<div class=\"wp-block-columns is-layout-flex wp-container-core-columns-is-layout-9d6595d7 wp-block-columns-is-layout-flex\">\n<div class=\"wp-block-column is-layout-flow wp-block-column-is-layout-flow\" style=\"flex-basis:66.66%\">\n<h2 class=\"wp-block-heading\">Planet WWW 2009<\/h2>\n\n\n\n<p>2009, I established the Planet Programming and Design team in Aleppo, Syria. Our team has since developed websites for numerous corporations and individuals across Syria and the Arab world.<\/p>\n\n\n\n<p>In 2014, we relocated to Istanbul, Turkey, where our team expanded, and our services were extended to more clients. We continue to take pride in our work and aim to serve you with utmost happiness, gratitude, and appreciation.<\/p>\n\n\n\n<div class=\"wp-block-buttons is-layout-flex wp-block-buttons-is-layout-flex\">\n<div class=\"wp-block-button has-custom-font-size is-style-outline has-medium-font-size is-style-outline--5\"><a class=\"wp-block-button__link has-luminous-vivid-amber-background-color has-background wp-element-button\" href=\"https:\/\/planet-www.com\/\" target=\"_blank\" rel=\"noreferrer noopener\">Visit Planet WWW<\/a><\/div>\n<\/div>\n<\/div>\n\n\n\n<div class=\"wp-block-column is-layout-flow wp-block-column-is-layout-flow\" style=\"flex-basis:33.33%\">\n<figure class=\"wp-block-image size-large\"><img loading=\"lazy\" decoding=\"async\" width=\"1024\" height=\"1024\" src=\"https:\/\/mehdemohamad.com\/wp-content\/uploads\/2023\/12\/planet-www-1024x1024.png\" alt=\"\" class=\"wp-image-608\" srcset=\"https:\/\/mehdemohamad.com\/wp-content\/uploads\/2023\/12\/planet-www-1024x1024.png 1024w, https:\/\/mehdemohamad.com\/wp-content\/uploads\/2023\/12\/planet-www-400x400.png 400w, https:\/\/mehdemohamad.com\/wp-content\/uploads\/2023\/12\/planet-www-600x600.png 600w, https:\/\/mehdemohamad.com\/wp-content\/uploads\/2023\/12\/planet-www-300x300.png 300w, https:\/\/mehdemohamad.com\/wp-content\/uploads\/2023\/12\/planet-www-150x150.png 150w, https:\/\/mehdemohamad.com\/wp-content\/uploads\/2023\/12\/planet-www-768x768.png 768w, https:\/\/mehdemohamad.com\/wp-content\/uploads\/2023\/12\/planet-www.png 1080w\" sizes=\"auto, (max-width: 1024px) 100vw, 1024px\" \/><\/figure>\n<\/div>\n<\/div>\n","protected":false},"excerpt":{"rendered":"<p>Hello all, My name is Mahdi Mohamed, and I am a professional web developer and online marketing trainer. I am &#8230; <\/p>\n","protected":false},"author":1,"featured_media":130,"parent":0,"menu_order":0,"comment_status":"closed","ping_status":"closed","template":"","meta":{"_acf_changed":false,"footnotes":""},"class_list":["post-134","page","type-page","status-publish","has-post-thumbnail","hentry"],"acf":[],"_links":{"self":[{"href":"https:\/\/mehdemohamad.com\/en\/wp-json\/wp\/v2\/pages\/134","targetHints":{"allow":["GET"]}}],"collection":[{"href":"https:\/\/mehdemohamad.com\/en\/wp-json\/wp\/v2\/pages"}],"about":[{"href":"https:\/\/mehdemohamad.com\/en\/wp-json\/wp\/v2\/types\/page"}],"author":[{"embeddable":true,"href":"https:\/\/mehdemohamad.com\/en\/wp-json\/wp\/v2\/users\/1"}],"replies":[{"embeddable":true,"href":"https:\/\/mehdemohamad.com\/en\/wp-json\/wp\/v2\/comments?post=134"}],"version-history":[{"count":28,"href":"https:\/\/mehdemohamad.com\/en\/wp-json\/wp\/v2\/pages\/134\/revisions"}],"predecessor-version":[{"id":869,"href":"https:\/\/mehdemohamad.com\/en\/wp-json\/wp\/v2\/pages\/134\/revisions\/869"}],"wp:featuredmedia":[{"embeddable":true,"href":"https:\/\/mehdemohamad.com\/en\/wp-json\/wp\/v2\/media\/130"}],"wp:attachment":[{"href":"https:\/\/mehdemohamad.com\/en\/wp-json\/wp\/v2\/media?parent=134"}],"curies":[{"name":"wp","href":"https:\/\/api.w.org\/{rel}","templated":true}]}}